{"id":284,"date":"2024-09-06T23:34:57","date_gmt":"2024-09-06T23:34:57","guid":{"rendered":"https:\/\/lovesanpancho.com\/product\/basic\/"},"modified":"2025-09-18T20:28:19","modified_gmt":"2025-09-19T03:28:19","slug":"basic","status":"publish","type":"product","link":"https:\/\/lovesanpancho.com\/en\/product\/basic\/","title":{"rendered":"\ud83c\udfe1 Rentals"},"content":{"rendered":"<p style=\"text-align: center\" data-start=\"0\" data-end=\"249\">\u26a0\ufe0f <strong data-start=\"3\" data-end=\"17\">Notice<\/strong><br data-start=\"17\" data-end=\"20\" data-is-only-node=\"\" \/>LoveSanPancho <strong data-start=\"34\" data-end=\"49\">does not manage<\/strong> bookings, charges, or payments. <strong data-start=\"77\" data-end=\"97\">We only facilitate<\/strong> direct contact between hosts and interested guests. <strong data-start=\"160\" data-end=\"166\">You<\/strong> have full control over your <strong data-start=\"198\" data-end=\"230\">bookings, prices, policies<\/strong> and payment methods.<\/p>\n<p style=\"text-align: center\" data-start=\"251\" data-end=\"493\" data-is-last-node=\"\" data-is-only-node=\"\">\ud83c\udf3f <strong data-start=\"254\" data-end=\"277\">Why is it free?<\/strong><br data-start=\"277\" data-end=\"280\" data-is-only-node=\"\" \/>Because we believe in a model <strong data-start=\"311\" data-end=\"334\">fair and community-based<\/strong>, where visibility <strong data-start=\"357\" data-end=\"389\">does not depend on your budget\u201d<\/strong>. This project <strong data-start=\"405\" data-end=\"428\">was born in San Pancho<\/strong>, by and for the community. <strong data-start=\"455\" data-end=\"493\" data-is-last-node=\"\">The essentials will always be free.<\/strong><\/p>","protected":false},"excerpt":{"rendered":"<p style=\"text-align: center\" data-start=\"0\" data-end=\"25\">\ud83d\udce3 <strong data-start=\"3\" data-end=\"25\">Posting is free<\/strong><\/p>\n<p style=\"text-align: center\" data-start=\"27\" data-end=\"205\">List your space <strong data-start=\"46\" data-end=\"95\">No commissions, no fees, no middlemen<\/strong>.<br data-start=\"96\" data-end=\"99\" \/>LoveSanPancho es una plataforma local que <strong data-start=\"141\" data-end=\"165\" data-is-only-node=\"\">connects directly<\/strong> hosts with interested people<\/p>\n<p style=\"text-align: center\" data-start=\"207\" data-end=\"220\">\u2705 <strong data-start=\"209\" data-end=\"220\">Includes<\/strong><\/p>\n<ul data-start=\"221\" data-end=\"444\" data-is-last-node=\"\" data-is-only-node=\"\">\n<li style=\"text-align: center\" data-start=\"221\" data-end=\"265\">\n<p data-start=\"223\" data-end=\"265\">Visible ad <strong data-start=\"239\" data-end=\"263\">No time limit<\/strong><\/p>\n<\/li>\n<li style=\"text-align: center\" data-start=\"266\" data-end=\"346\">\n<p data-start=\"268\" data-end=\"346\"><strong data-start=\"268\" data-end=\"285\">Full control<\/strong> of your listing (photos, description, and contact details)<\/p>\n<\/li>\n<li style=\"text-align: center\" data-start=\"347\" data-end=\"391\">\n<p data-start=\"349\" data-end=\"391\"><strong data-start=\"349\" data-end=\"369\">Direct contact<\/strong> with interested people<\/p>\n<\/li>\n<li data-start=\"392\" data-end=\"444\" data-is-last-node=\"\">\n<p style=\"text-align: center\" data-start=\"394\" data-end=\"444\" data-is-last-node=\"\"><strong data-start=\"394\" data-end=\"411\">0% commission<\/strong> \u2014 what you earn is <strong data-start=\"431\" data-end=\"444\" data-is-last-node=\"\">100% yours<\/strong><\/p>\n<\/li>\n<\/ul>","protected":false},"featured_media":0,"comment_status":"open","ping_status":"closed","template":"","meta":[],"product_brand":[],"product_cat":[220],"product_tag":[],"class_list":{"0":"post-284","1":"product","2":"type-product","3":"status-publish","5":"product_cat-rentas-vacacionales","7":"first","8":"instock","9":"virtual","10":"sold-individually","11":"purchasable","12":"product-type-job_package"},"yoast_head":"<!-- This site is optimized with the Yoast SEO plugin v25.8 - https:\/\/yoast.com\/wordpress\/plugins\/seo\/ -->\n<title>\ud83c\udfe1 Rentas - \u2665\ufe0f LoveSanPancho<\/title>\n<meta name=\"robots\" content=\"index, follow, max-snippet:-1, max-image-preview:large, max-video-preview:-1\" \/>\n<link rel=\"canonical\" href=\"https:\/\/lovesanpancho.com\/en\/product\/basic\/\" \/>\n<meta property=\"og:locale\" content=\"en_US\" \/>\n<meta property=\"og:type\" content=\"article\" \/>\n<meta property=\"og:title\" content=\"\ud83c\udfe1 Rentas - \u2665\ufe0f LoveSanPancho\" \/>\n<meta property=\"og:description\" content=\"\ud83d\udce3 Publicar es gratis Anuncia tu espacio sin comisiones, sin tarifas ni intermediarios.LoveSanPancho es una plataforma local que conecta directamente a anfitriones con personas interesadas. \u2705 Incluye     Anuncio visible sin l\u00edmite de tiempo    Control total de tu publicaci\u00f3n (fotos, descripci\u00f3n y datos de contacto)    Contacto directo con los interesados    0% comisiones \u2014 lo que cobras es 100% tuyo\" \/>\n<meta property=\"og:url\" content=\"https:\/\/lovesanpancho.com\/en\/product\/basic\/\" \/>\n<meta property=\"og:site_name\" content=\"\u2665\ufe0f LoveSanPancho\" \/>\n<meta property=\"article:modified_time\" content=\"2025-09-19T03:28:19+00:00\" \/>\n<meta name=\"twitter:card\" content=\"summary_large_image\" \/>\n<meta name=\"twitter:label1\" content=\"Est. reading time\" \/>\n\t<meta name=\"twitter:data1\" content=\"1 minute\" \/>\n<script type=\"application\/ld+json\" class=\"yoast-schema-graph\">{\"@context\":\"https:\/\/schema.org\",\"@graph\":[{\"@type\":\"WebPage\",\"@id\":\"https:\/\/lovesanpancho.com\/product\/basic\/\",\"url\":\"https:\/\/lovesanpancho.com\/product\/basic\/\",\"name\":\"\ud83c\udfe1 Rentas - \u2665\ufe0f LoveSanPancho\",\"isPartOf\":{\"@id\":\"https:\/\/lovesanpancho.com\/#website\"},\"datePublished\":\"2024-09-06T23:34:57+00:00\",\"dateModified\":\"2025-09-19T03:28:19+00:00\",\"breadcrumb\":{\"@id\":\"https:\/\/lovesanpancho.com\/product\/basic\/#breadcrumb\"},\"inLanguage\":\"en-US\",\"potentialAction\":[{\"@type\":\"ReadAction\",\"target\":[\"https:\/\/lovesanpancho.com\/product\/basic\/\"]}]},{\"@type\":\"BreadcrumbList\",\"@id\":\"https:\/\/lovesanpancho.com\/product\/basic\/#breadcrumb\",\"itemListElement\":[{\"@type\":\"ListItem\",\"position\":1,\"name\":\"Home\",\"item\":\"https:\/\/lovesanpancho.com\/\"},{\"@type\":\"ListItem\",\"position\":2,\"name\":\"Shop\",\"item\":\"https:\/\/lovesanpancho.com\/shop-2\/\"},{\"@type\":\"ListItem\",\"position\":3,\"name\":\"\ud83c\udfe1 Rentas\"}]},{\"@type\":\"WebSite\",\"@id\":\"https:\/\/lovesanpancho.com\/#website\",\"url\":\"https:\/\/lovesanpancho.com\/\",\"name\":\"\u2665\ufe0f LoveSanPancho\",\"description\":\"Rentas \u00b7 Comercios \u00b7 Comunidad sin comisiones\",\"publisher\":{\"@id\":\"https:\/\/lovesanpancho.com\/#organization\"},\"potentialAction\":[{\"@type\":\"SearchAction\",\"target\":{\"@type\":\"EntryPoint\",\"urlTemplate\":\"https:\/\/lovesanpancho.com\/?s={search_term_string}\"},\"query-input\":{\"@type\":\"PropertyValueSpecification\",\"valueRequired\":true,\"valueName\":\"search_term_string\"}}],\"inLanguage\":\"en-US\"},{\"@type\":\"Organization\",\"@id\":\"https:\/\/lovesanpancho.com\/#organization\",\"name\":\"\u2665\ufe0f LoveSanPancho\",\"url\":\"https:\/\/lovesanpancho.com\/\",\"logo\":{\"@type\":\"ImageObject\",\"inLanguage\":\"en-US\",\"@id\":\"https:\/\/lovesanpancho.com\/#\/schema\/logo\/image\/\",\"url\":\"https:\/\/lovesanpancho.com\/wp-content\/uploads\/listing-uploads\/logo\/2025\/08\/cropped-6-1.jpg\",\"contentUrl\":\"https:\/\/lovesanpancho.com\/wp-content\/uploads\/listing-uploads\/logo\/2025\/08\/cropped-6-1.jpg\",\"width\":512,\"height\":512,\"caption\":\"\u2665\ufe0f LoveSanPancho\"},\"image\":{\"@id\":\"https:\/\/lovesanpancho.com\/#\/schema\/logo\/image\/\"}}]}<\/script>\n<!-- \/ Yoast SEO plugin. -->","yoast_head_json":{"title":"\ud83c\udfe1 Rentas - \u2665\ufe0f LoveSanPancho","robots":{"index":"index","follow":"follow","max-snippet":"max-snippet:-1","max-image-preview":"max-image-preview:large","max-video-preview":"max-video-preview:-1"},"canonical":"https:\/\/lovesanpancho.com\/en\/product\/basic\/","og_locale":"en_US","og_type":"article","og_title":"\ud83c\udfe1 Rentas - \u2665\ufe0f LoveSanPancho","og_description":"\ud83d\udce3 Publicar es gratis Anuncia tu espacio sin comisiones, sin tarifas ni intermediarios.LoveSanPancho es una plataforma local que conecta directamente a anfitriones con personas interesadas. \u2705 Incluye     Anuncio visible sin l\u00edmite de tiempo    Control total de tu publicaci\u00f3n (fotos, descripci\u00f3n y datos de contacto)    Contacto directo con los interesados    0% comisiones \u2014 lo que cobras es 100% tuyo","og_url":"https:\/\/lovesanpancho.com\/en\/product\/basic\/","og_site_name":"\u2665\ufe0f LoveSanPancho","article_modified_time":"2025-09-19T03:28:19+00:00","twitter_card":"summary_large_image","twitter_misc":{"Est. reading time":"1 minute"},"schema":{"@context":"https:\/\/schema.org","@graph":[{"@type":"WebPage","@id":"https:\/\/lovesanpancho.com\/product\/basic\/","url":"https:\/\/lovesanpancho.com\/product\/basic\/","name":"\ud83c\udfe1 Rentas - \u2665\ufe0f LoveSanPancho","isPartOf":{"@id":"https:\/\/lovesanpancho.com\/#website"},"datePublished":"2024-09-06T23:34:57+00:00","dateModified":"2025-09-19T03:28:19+00:00","breadcrumb":{"@id":"https:\/\/lovesanpancho.com\/product\/basic\/#breadcrumb"},"inLanguage":"en-US","potentialAction":[{"@type":"ReadAction","target":["https:\/\/lovesanpancho.com\/product\/basic\/"]}]},{"@type":"BreadcrumbList","@id":"https:\/\/lovesanpancho.com\/product\/basic\/#breadcrumb","itemListElement":[{"@type":"ListItem","position":1,"name":"Home","item":"https:\/\/lovesanpancho.com\/"},{"@type":"ListItem","position":2,"name":"Shop","item":"https:\/\/lovesanpancho.com\/shop-2\/"},{"@type":"ListItem","position":3,"name":"\ud83c\udfe1 Rentas"}]},{"@type":"WebSite","@id":"https:\/\/lovesanpancho.com\/#website","url":"https:\/\/lovesanpancho.com\/","name":"\u2665\ufe0f LoveSanPancho","description":"Rentas \u00b7 Comercios \u00b7 Comunidad sin comisiones","publisher":{"@id":"https:\/\/lovesanpancho.com\/#organization"},"potentialAction":[{"@type":"SearchAction","target":{"@type":"EntryPoint","urlTemplate":"https:\/\/lovesanpancho.com\/?s={search_term_string}"},"query-input":{"@type":"PropertyValueSpecification","valueRequired":true,"valueName":"search_term_string"}}],"inLanguage":"en-US"},{"@type":"Organization","@id":"https:\/\/lovesanpancho.com\/#organization","name":"\u2665\ufe0f LoveSanPancho","url":"https:\/\/lovesanpancho.com\/","logo":{"@type":"ImageObject","inLanguage":"en-US","@id":"https:\/\/lovesanpancho.com\/#\/schema\/logo\/image\/","url":"https:\/\/lovesanpancho.com\/wp-content\/uploads\/listing-uploads\/logo\/2025\/08\/cropped-6-1.jpg","contentUrl":"https:\/\/lovesanpancho.com\/wp-content\/uploads\/listing-uploads\/logo\/2025\/08\/cropped-6-1.jpg","width":512,"height":512,"caption":"\u2665\ufe0f LoveSanPancho"},"image":{"@id":"https:\/\/lovesanpancho.com\/#\/schema\/logo\/image\/"}}]}},"acf":[],"_links":{"self":[{"href":"https:\/\/lovesanpancho.com\/en\/wp-json\/wp\/v2\/product\/284","targetHints":{"allow":["GET"]}}],"collection":[{"href":"https:\/\/lovesanpancho.com\/en\/wp-json\/wp\/v2\/product"}],"about":[{"href":"https:\/\/lovesanpancho.com\/en\/wp-json\/wp\/v2\/types\/product"}],"replies":[{"embeddable":true,"href":"https:\/\/lovesanpancho.com\/en\/wp-json\/wp\/v2\/comments?post=284"}],"wp:attachment":[{"href":"https:\/\/lovesanpancho.com\/en\/wp-json\/wp\/v2\/media?parent=284"}],"wp:term":[{"taxonomy":"product_brand","embeddable":true,"href":"https:\/\/lovesanpancho.com\/en\/wp-json\/wp\/v2\/product_brand?post=284"},{"taxonomy":"product_cat","embeddable":true,"href":"https:\/\/lovesanpancho.com\/en\/wp-json\/wp\/v2\/product_cat?post=284"},{"taxonomy":"product_tag","embeddable":true,"href":"https:\/\/lovesanpancho.com\/en\/wp-json\/wp\/v2\/product_tag?post=284"}],"curies":[{"name":"wp","href":"https:\/\/api.w.org\/{rel}","templated":true}]}}